{"id":1337,"date":"2013-04-13T17:24:37","date_gmt":"2013-04-13T21:24:37","guid":{"rendered":"https:\/\/jdackerman.com\/miscellany\/?page_id=1337"},"modified":"2019-08-28T12:30:00","modified_gmt":"2019-08-28T16:30:00","slug":"yhwh-jehovah-mkaddesh-the-lord-who-sanctifies","status":"publish","type":"page","link":"https:\/\/jdackerman.com\/miscellany\/names-of-god\/yhwh-jehovah-mkaddesh-the-lord-who-sanctifies\/","title":{"rendered":"YHWH (Jehovah) M\u2019Kaddesh: The LORD Who Sanctifies"},"content":{"rendered":"<div>\n<h1>I AM the LORD who Sanctifies You <i>(Leviticus 20:8)<\/i><\/h1>\n<p>Consecrate yourselves, therefore, and be holy, for I AM the Lord your God. Keep my statutes and do them; I AM the Lord who sanctifies you. <i>(Leviticus 20:7-8)<\/i><\/p>\n<h2>Derivations<\/h2>\n<ul>\n<li>YHWH: from the Hebrew word \u201chavah\u201d, meaning \u201cto be\u201d or \u201cbeing\u201d. Closely associated with the Hebrew word \u201cchavah\u201d, meaning \u201cto live\u201d or \u201clife\u201d<\/li>\n<li>M\u2019Kaddesh: from the Hebrew word q\u0101dash, meaning to be clean (ceremonial or moral) &#8211; appoint, bid, consecrate, dedicate, defile <i>(from Deuteronomy 22:9)<\/i>, hallow, (be, keep) holy (-er, place), keep, prepare, proclaim, purify, sanctify (-ied one, self), wholly.<\/li>\n<\/ul>\n<h2>How did we get here? (Review)<\/h2>\n<p><b>Elohim<\/b>, the God of Creation, Father, Son and Holy Spirit. <b>El-Elyon<\/b>, God Most High. <b>El-Shaddai<\/b>, God Almighty. <b>El-Ro\u2019i<\/b>, God Who sees me. <b>El-Olam<\/b>, Everlasting God. <b>El-Chai<\/b>, the Living God. <b>YHWH<\/b>, I AM! <b>Jehovah Jireh<\/b>, The LORD will provide. <b>Jehovah Raphah<\/b>, The LORD who heals. <b>Jehovah Nissi<\/b>, The LORD is my Banner. Each one progressively telling us more and more of the nature of God and His relationship with us.<\/p>\n<h2>I AM the LORD Who Sanctifies You<\/h2>\n<ul>\n<li>YHWH <span style=\"text-decoration: underline;\">is<\/span> <span style=\"text-decoration: underline;\">holy<\/span> (assumption\/statement) and calls us to <span style=\"text-decoration: underline;\">be<\/span> <span style=\"text-decoration: underline;\">holy<\/span> (command\/imperative)<br \/>\nHebrew word used for holy is q\u0101d\u00f4sh, a derivative of q\u0101dash<br \/>\n<i>(Leviticus 11:45, Leviticus 20:26, 1 Peter 1:16)<\/i><\/li>\n<li>YHWH M\u2019Kaddesh tells us to be <span style=\"text-decoration: underline;\">sanctified<\/span> or <span style=\"text-decoration: underline;\">consecrated<\/span> q\u0101dash <i>(Leviticus 20:7)<\/i><\/li>\n<li>YHWH M\u2019Kaddesh <span style=\"text-decoration: underline;\">sanctifies<\/span> us <i>(Leviticus 20:8)<\/i><\/li>\n<\/ul>\n<ul>\n<li>We can only be holy because YHWH M\u2019Kaddesh has <span style=\"text-decoration: underline;\">sanctified<\/span> us <i>( Hebrew word q\u0101dash in v 8)<\/i> and <span style=\"text-decoration: underline;\">set us apart<\/span> <i>(Hebrew word b\u0101dal in v 26)<\/i><\/li>\n<li>We have already been <span style=\"text-decoration: underline;\">sanctified positionally<\/span> <i>(1 Corinthians 6:11)<\/i><\/li>\n<\/ul>\n<h3>The Israelites and Priests were Sanctified<\/h3>\n<p>Following the ceremonial law did not make them Jews, Children of Abraham, God\u2019s Chosen People. Rather, they were to follow them <em>because<\/em> they were Jews, Children of Abraham, God\u2019s Chosen People. They enabled right worship and lifestyle, separate from and different than that of the nations and cultures surrounding them. Along the same thought, we don&#8217;t have to stop sinning to become a Christian. In fact, we can&#8217;t.\u00a0 We stop sinning because we are a Christian, which enables right worship and lifestyle, one that is set apart, consecrated, separate from and different than that of the culture surrounding us. Trust, then obey. Faith first, obedience next.<\/p>\n<p><em>The following outline and comments are from &#8220;All the Divine Names and Titles&#8221; by Herbert Lockyer, copyright\u00a0\u00a9 1975 by Herbert Lockyer, published by Zondervan.<\/em><\/p>\n<ul>\n<li>Sanctified to <span style=\"text-decoration: underline;\">obey<\/span> <i>(Leviticus 20:8)<\/i><br \/>\nThe measure of our sanctification is \u00a0gauged by our obedience to the will and word of the thrice holy One who deigns to make us holy.<\/li>\n<li>Sanctified to <span style=\"text-decoration: underline;\">purity<\/span> <i>(Leviticus 21:7-8)<\/i><br \/>\nA priest unto the Lord was prohibited from marrying an impure woman for the two-fold reason, &#8220;he is holy unto God&#8221; and \u201cfor I am the LORD, which sanctify you; am holy\u201d.\u00a0 &#8220;Be ye holy, for I am holy.&#8221;<\/li>\n<li>Sanctified to <span style=\"text-decoration: underline;\">God<\/span> <i>(Leviticus 21:15)<\/i><br \/>\nOthers could marry a widow, or a divorced per son, but not a priest. Sanctified unto the Lord, and therefore wholly His, he could not do what was allowable in others.<\/li>\n<li>Sanctified to <span style=\"text-decoration: underline;\">healthiness<\/span> <i>(Leviticus 21:23)<\/i><br \/>\nUnless sanctified in body, as well as in spirit and soul, we are not fit to serve the Lord.<\/li>\n<li>Sanctified to <span style=\"text-decoration: underline;\">diet<\/span> <i>(Leviticus 22:8,9)<\/i><br \/>\nSanctified souls cannot feed upon the diseased and dead things of the world.<\/li>\n<li>Sanctified to <span style=\"text-decoration: underline;\">instruct<\/span> <i>(Leviticus 22:15,16)<\/i><br \/>\nThe sacred record says that if a person should unwittingly eat of the holy bread which was for the priest and his family, then the priest had to tell him his fault, and advise him what to do, for such were not to \u201cprofane the holy things of the children of Israel, which they offer to the LORD; Or suffer them to bear the iniquity of trespass when they eat their holy things: for I the LORD do sanctify them\u201d. \u00a0Our Lord had something to say about giving that which was holy unto dogs.<\/li>\n<li>Sanctified to <span style=\"text-decoration: underline;\">remember<\/span> <i>(Leviticus 22:32,33)<\/i><br \/>\nIt is necessary to remember that our sanctification is not only positional yet practical, but progressive and expansive, going forward unto the perfect day. Life is growth in the spiritual realm as in the natural and physical and we are to grow up in Him in all things<\/li>\n<\/ul>\n<h3>Our Entire Being Needs to be Sanctified <i>(1 Thessalonians 5:23-24, then Philippians 1:6)<\/i><\/h3>\n<ul>\n<li>Spirit: The spirit part of us is the organ of God-consciousness, reason and conscience as receptive of and responsive to divine revelation. By the Spirit, we are linked on to Him who is &#8220;God the Spirit,&#8221; and therefore capable of communication with Him. We are wholly sanctified in our immortal spirit when, through the possession of the Holy Spirit, it faithfully represents the divine voice that charms us most. When hallowed, the spirit becomes the ruling center with reference to the rest of our nature. Primarily, however, prayer, worship, adoration, meditation and praise are associated with the spirit.<\/li>\n<li>Soul: The soul is the seat of our natural emotions, affections, desires, and imaginations; and of the active will, the self, standing thereby, for self-consciousness. When wholly sanctified, the soul uses understanding as a help to the keeping of divine precepts: desires and affections are divinely regulated and purified and tempered; there is a ready memory of the blood of God and readiness to call up holy thoughts. A sanctified soul implies that the imagination is filled with Christ and the Christian ideal and the Christian prospect; that this part of our nature does not assert its independence of the spirit above it, but is able to resist the charms of bodily senses below. Holding the central position in our being, the soul can swing the balance either way.<\/li>\n<li>Body: Our body is the seat of the senses, and by its members connects us with the world without and around, and so represents world-consciousness. God calls for the body to be sanctified and dedicated to Him, and for its various members to be used as instruments of righteousness &#8211; eyes, ears, lips, hands, feet and other physical faculties hallowed and controlled by His will. When thus honored as His temple, the body does not aspire to rule the soul, or frustrate the upreach of the spirit, but becomes the medium of blessing to the outside world. &#8220;Out of his belly shall flow rivers of living water.&#8221;<\/li>\n<\/ul>\n<h3>We Need <span style=\"text-decoration: underline;\">Help<\/span> in Sanctification<\/h3>\n<ul>\n<li>We are sanctified by <span style=\"text-decoration: underline;\">God, the Father<\/span> <i>(Jude 1)<\/i><\/li>\n<li>We are sanctified by <span style=\"text-decoration: underline;\">God, the Son<\/span> <i>(1 Corinthians 1:30, 1 Corinthians 1:2)<\/i><\/li>\n<li>We are sanctified by <span style=\"text-decoration: underline;\">God, the Holy Spirit<\/span> <i>(Romans 15:16)<\/i><\/li>\n<li>We are sanctified by the <span style=\"text-decoration: underline;\">blood<\/span> <i>(Hebrews 13:12, Hebrews 10:10, 14)<\/i><\/li>\n<li>We are sanctified by the <span style=\"text-decoration: underline;\">truth<\/span> <i>(John 15:3, John 17:17, 19, Psalm 119:9, 1 Timothy 4:5)<\/i><\/li>\n<li>We are sanctified by <span style=\"text-decoration: underline;\">faith<\/span> <i>(Acts 26:18)<\/i><\/li>\n<li>We are sanctified by <span style=\"text-decoration: underline;\">prayer<\/span> <i>(1 Timothy 4:5)<\/i><\/li>\n<\/ul>\n<p><b>A Hymn based on Psalm 1 (The epitome of a sanctified life) <\/b><\/p>\n<\/div>\n<p>The Way and End of the Righteous and the Wicked.<\/p>\n<p>BLESS&#8217;D is the man who shuns the place<br \/>\nWhere sinners love to meet;<br \/>\nWho fears to tread their wicked ways,<br \/>\nAnd hates the scoffer&#8217;s seat:<\/p>\n<p>But in the statutes of the Lord<br \/>\nHas placed his chief delight;<br \/>\nBy day he reads or hears the word,<br \/>\nAnd meditates by night.<\/p>\n<p>He, like a plant of gen&#8217;rous kind,<br \/>\nBy living waters set,<br \/>\nSafe from the storms and blasting wind,<br \/>\nEnjoys a peaceful state.<\/p>\n<p>Green as the leaf, and ever fair,<br \/>\nShall his profession shine;<br \/>\nWhile fruits of holiness appear<br \/>\nLike clusters on the Vine.<\/p>\n<p>Not so the impious and unjust;<br \/>\nWhat vain designs they form!<br \/>\nTheir hopes are blown away like dust,<br \/>\nOr chaff before the storm.<\/p>\n<p>Sinners in judgment shall not stand<br \/>\nAmongst the sons of grace,<br \/>\nWhen Christ, the Judge, at His right hand<br \/>\nAppoints his saints a place.<\/p>\n<p>His eye beholds the path they tread,<br \/>\nHis heart approves it well;<br \/>\nBut crooked ways of sinners lead<br \/>\nDown to the gates of hell.<\/p>\n","protected":false},"excerpt":{"rendered":"<p>I AM the LORD who Sanctifies You (Leviticus 20:8) Consecrate yourselves, therefore, and be holy, for I AM the Lord your God. Keep my statutes and do them; I AM the Lord who sanctifies you. (Leviticus 20:7-8) Derivations YHWH: from the Hebrew word \u201chavah\u201d, meaning \u201cto be\u201d or \u201cbeing\u201d. Closely associated with the Hebrew word&hellip; <\/p>\n<div class=\"readmore-wrapper\"><a href=\"https:\/\/jdackerman.com\/miscellany\/names-of-god\/yhwh-jehovah-mkaddesh-the-lord-who-sanctifies\/\" class=\"more-link\">Read <\/a><\/div>\n","protected":false},"author":1,"featured_media":0,"parent":1197,"menu_order":11,"comment_status":"open","ping_status":"open","template":"","meta":{"advanced_seo_description":"","jetpack_seo_html_title":"","jetpack_seo_noindex":false,"jetpack_post_was_ever_published":false,"footnotes":""},"class_list":["post-1337","page","type-page","status-publish","hentry"],"jetpack_sharing_enabled":true,"jetpack_shortlink":"https:\/\/wp.me\/P1MnZf-lz","jetpack_likes_enabled":true,"_links":{"self":[{"href":"https:\/\/jdackerman.com\/miscellany\/wp-json\/wp\/v2\/pages\/1337","targetHints":{"allow":["GET"]}}],"collection":[{"href":"https:\/\/jdackerman.com\/miscellany\/wp-json\/wp\/v2\/pages"}],"about":[{"href":"https:\/\/jdackerman.com\/miscellany\/wp-json\/wp\/v2\/types\/page"}],"author":[{"embeddable":true,"href":"https:\/\/jdackerman.com\/miscellany\/wp-json\/wp\/v2\/users\/1"}],"replies":[{"embeddable":true,"href":"https:\/\/jdackerman.com\/miscellany\/wp-json\/wp\/v2\/comments?post=1337"}],"version-history":[{"count":3,"href":"https:\/\/jdackerman.com\/miscellany\/wp-json\/wp\/v2\/pages\/1337\/revisions"}],"predecessor-version":[{"id":4865,"href":"https:\/\/jdackerman.com\/miscellany\/wp-json\/wp\/v2\/pages\/1337\/revisions\/4865"}],"up":[{"embeddable":true,"href":"https:\/\/jdackerman.com\/miscellany\/wp-json\/wp\/v2\/pages\/1197"}],"wp:attachment":[{"href":"https:\/\/jdackerman.com\/miscellany\/wp-json\/wp\/v2\/media?parent=1337"}],"curies":[{"name":"wp","href":"https:\/\/api.w.org\/{rel}","templated":true}]}}